{"id":128,"date":"2025-08-01T15:55:19","date_gmt":"2025-08-01T13:55:19","guid":{"rendered":"https:\/\/www.cardclub.at\/?page_id=128"},"modified":"2025-08-01T17:33:42","modified_gmt":"2025-08-01T15:33:42","slug":"partner","status":"publish","type":"page","link":"https:\/\/www.cardclub.at\/?page_id=128","title":{"rendered":"Partner"},"content":{"rendered":"\t\t<div data-elementor-type=\"wp-page\" data-elementor-id=\"128\" class=\"elementor elementor-128\" data-elementor-post-type=\"page\">\n\t\t\t\t<div class=\"elementor-element elementor-element-43457d9 e-flex e-con-boxed e-con e-parent\" data-id=\"43457d9\" data-element_type=\"container\" data-e-type=\"container\">\n\t\t\t\t\t<div class=\"e-con-inner\">\n\t\t\t\t<div class=\"elementor-element elementor-element-0075f58 elementor-widget elementor-widget-spacer\" data-id=\"0075f58\" data-element_type=\"widget\" data-e-type=\"widget\" data-widget_type=\"spacer.default\">\n\t\t\t\t\t\t\t<div class=\"elementor-spacer\">\n\t\t\t<div class=\"elementor-spacer-inner\"><\/div>\n\t\t<\/div>\n\t\t\t\t\t\t<\/div>\n\t\t\t\t<div class=\"elementor-element elementor-element-10aa8ea elementor-widget-divider--view-line elementor-widget elementor-widget-divider\" data-id=\"10aa8ea\" data-element_type=\"widget\" data-e-type=\"widget\" data-widget_type=\"divider.default\">\n\t\t\t\t\t\t\t<div class=\"elementor-divider\">\n\t\t\t<span class=\"elementor-divider-separator\">\n\t\t\t\t\t\t<\/span>\n\t\t<\/div>\n\t\t\t\t\t\t<\/div>\n\t\t\t\t\t<\/div>\n\t\t\t\t<\/div>\n\t\t<div class=\"elementor-element elementor-element-31a01be e-flex e-con-boxed e-con e-parent\" data-id=\"31a01be\" data-element_type=\"container\" data-e-type=\"container\">\n\t\t\t\t\t<div class=\"e-con-inner\">\n\t\t\t\t<div class=\"elementor-element elementor-element-d27e3f2 elementor-widget elementor-widget-heading\" data-id=\"d27e3f2\" data-element_type=\"widget\" data-e-type=\"widget\" data-widget_type=\"heading.default\">\n\t\t\t\t\t<h2 class=\"elementor-heading-title elementor-size-default\">Unsere Partner<\/h2>\t\t\t\t<\/div>\n\t\t\t\t<div class=\"elementor-element elementor-element-aa85937 elementor-widget elementor-widget-text-editor\" data-id=\"aa85937\" data-element_type=\"widget\" data-e-type=\"widget\" data-widget_type=\"text-editor.default\">\n\t\t\t\t\t\t\t\t\t<p><span style=\"color: #000000;\">Hier findet ihr eine aktuelle \u00dcbersicht \u00fcber unsere derzeitigen Kooperationspartner. Solltet ihr Interesse an einer Zusammenarbeit haben, findet ihr unsere Kontaktdaten <span style=\"text-decoration: underline;\"><span style=\"color: #3c9100;\"><a style=\"color: #3c9100; text-decoration: underline;\" href=\"https:\/\/www.cardclub.at\/kontakt\/\">hier<\/a><\/span><\/span>.<\/span><\/p>\t\t\t\t\t\t\t\t<\/div>\n\t\t\t\t<div class=\"elementor-element elementor-element-5decc54 elementor-widget-divider--view-line elementor-widget elementor-widget-divider\" data-id=\"5decc54\" data-element_type=\"widget\" data-e-type=\"widget\" data-widget_type=\"divider.default\">\n\t\t\t\t\t\t\t<div class=\"elementor-divider\">\n\t\t\t<span class=\"elementor-divider-separator\">\n\t\t\t\t\t\t<\/span>\n\t\t<\/div>\n\t\t\t\t\t\t<\/div>\n\t\t\t\t\t<\/div>\n\t\t\t\t<\/div>\n\t\t<div class=\"elementor-element elementor-element-2d9e0bd1 e-flex e-con-boxed e-con e-parent\" data-id=\"2d9e0bd1\" data-element_type=\"container\" data-e-type=\"container\">\n\t\t\t\t\t<div class=\"e-con-inner\">\n\t\t\t\t<div class=\"elementor-element elementor-element-53f94ca elementor-widget elementor-widget-heading\" data-id=\"53f94ca\" data-element_type=\"widget\" data-e-type=\"widget\" data-widget_type=\"heading.default\">\n\t\t\t\t\t<h2 class=\"elementor-heading-title elementor-size-default\">Siren Games<\/h2>\t\t\t\t<\/div>\n\t\t\t\t<div class=\"elementor-element elementor-element-6e51ebb elementor-widget elementor-widget-text-editor\" data-id=\"6e51ebb\" data-element_type=\"widget\" data-e-type=\"widget\" data-widget_type=\"text-editor.default\">\n\t\t\t\t\t\t\t\t\t<p><span style=\"color: #000000;\">Siren Games ist ein wiener Fachgesch\u00e4ft das auf TCGs, Pen&amp;Paper, Brettspiele und Tabletop Zubeh\u00f6r spezialisiert ist und seit vielen Jahren als unser verl\u00e4sslicher Shoppartner fungiert. Alle unsere Mitglieder bekommen pro Quartal einen 5 % Rabattcode f\u00fcr einen Einkauf bei Siren Games. Au\u00dferdem findet jeden Montag ab 16:00 Uhr im Shop ein von uns organisierter Weekly Play Termin statt. Auch auf Messen und beim Ausrichten von Events arbeiten wir zusammen.<\/span><\/p>\t\t\t\t\t\t\t\t<\/div>\n\t\t\t\t\t<\/div>\n\t\t\t\t<\/div>\n\t\t<div class=\"elementor-element elementor-element-60f2e79 e-grid e-con-boxed e-con e-parent\" data-id=\"60f2e79\" data-element_type=\"container\" data-e-type=\"container\">\n\t\t\t\t\t<div class=\"e-con-inner\">\n\t\t\t\t<div class=\"elementor-element elementor-element-312080f elementor-widget elementor-widget-image\" data-id=\"312080f\" data-element_type=\"widget\" data-e-type=\"widget\" data-widget_type=\"image.default\">\n\t\t\t\t\t\t\t\t\t\t\t\t\t\t\t\t<a href=\"https:\/\/www.sirengames.at\/\">\n\t\t\t\t\t\t\t<img decoding=\"async\" width=\"307\" height=\"109\" src=\"https:\/\/www.cardclub.at\/wp-content\/uploads\/2025\/08\/logo_header.png\" class=\"elementor-animation-grow attachment-large size-large wp-image-134\" alt=\"\" srcset=\"https:\/\/www.cardclub.at\/wp-content\/uploads\/2025\/08\/logo_header.png 307w, https:\/\/www.cardclub.at\/wp-content\/uploads\/2025\/08\/logo_header-300x107.png 300w\" sizes=\"(max-width: 307px) 100vw, 307px\" \/>\t\t\t\t\t\t\t\t<\/a>\n\t\t\t\t\t\t\t\t\t\t\t\t\t\t\t<\/div>\n\t\t\t\t<div class=\"elementor-element elementor-element-6e6e1a2 elementor-button-success elementor-align-left elementor-mobile-align-center elementor-widget elementor-widget-button\" data-id=\"6e6e1a2\" data-element_type=\"widget\" data-e-type=\"widget\" data-widget_type=\"button.default\">\n\t\t\t\t\t\t\t\t\t\t<a class=\"elementor-button elementor-button-link elementor-size-sm elementor-animation-grow\" href=\"https:\/\/www.sirengames.at\/\">\n\t\t\t\t\t\t<span class=\"elementor-button-content-wrapper\">\n\t\t\t\t\t\t\t\t\t<span class=\"elementor-button-text\">Zur Webseite<\/span>\n\t\t\t\t\t<\/span>\n\t\t\t\t\t<\/a>\n\t\t\t\t\t\t\t\t<\/div>\n\t\t\t\t\t<\/div>\n\t\t\t\t<\/div>\n\t\t<div class=\"elementor-element elementor-element-eb08627 e-flex e-con-boxed e-con e-parent\" data-id=\"eb08627\" data-element_type=\"container\" data-e-type=\"container\">\n\t\t\t\t\t<div class=\"e-con-inner\">\n\t\t\t\t<div class=\"elementor-element elementor-element-32c810a elementor-widget-divider--view-line elementor-widget elementor-widget-divider\" data-id=\"32c810a\" data-element_type=\"widget\" data-e-type=\"widget\" data-widget_type=\"divider.default\">\n\t\t\t\t\t\t\t<div class=\"elementor-divider\">\n\t\t\t<span class=\"elementor-divider-separator\">\n\t\t\t\t\t\t<\/span>\n\t\t<\/div>\n\t\t\t\t\t\t<\/div>\n\t\t\t\t\t<\/div>\n\t\t\t\t<\/div>\n\t\t<div class=\"elementor-element elementor-element-922017c e-flex e-con-boxed e-con e-parent\" data-id=\"922017c\" data-element_type=\"container\" data-e-type=\"container\">\n\t\t\t\t\t<div class=\"e-con-inner\">\n\t\t<div class=\"elementor-element elementor-element-e8462f1 e-con-full e-flex e-con e-child\" data-id=\"e8462f1\" data-element_type=\"container\" data-e-type=\"container\">\n\t\t\t\t<div class=\"elementor-element elementor-element-01e71d9 elementor-widget elementor-widget-heading\" data-id=\"01e71d9\" data-element_type=\"widget\" data-e-type=\"widget\" data-widget_type=\"heading.default\">\n\t\t\t\t\t<h2 class=\"elementor-heading-title elementor-size-default\">H\u00fcne<\/h2>\t\t\t\t<\/div>\n\t\t\t\t<div class=\"elementor-element elementor-element-a769473 elementor-widget elementor-widget-text-editor\" data-id=\"a769473\" data-element_type=\"widget\" data-e-type=\"widget\" data-widget_type=\"text-editor.default\">\n\t\t\t\t\t\t\t\t\t<p><span style=\"color: #000000;\">Das deutsche Start-Up Unternehmen H\u00fcne Spieltische ist seit kurzem (07\/2025) unser Partner. Von H\u00fcne wurden zwei Spieltische f\u00fcr Messen und f\u00fcr unser Vereinslokal zur Verf\u00fcgung gestellt. Au\u00dferdem wird es einen 10 % Rabattcode f\u00fcr Mitglieder geben.<\/span><\/p>\t\t\t\t\t\t\t\t<\/div>\n\t\t<div class=\"elementor-element elementor-element-38f5ac2 e-grid e-con-full e-con e-child\" data-id=\"38f5ac2\" data-element_type=\"container\" data-e-type=\"container\">\n\t\t\t\t<div class=\"elementor-element elementor-element-0aa0ec1 elementor-widget elementor-widget-image\" data-id=\"0aa0ec1\" data-element_type=\"widget\" data-e-type=\"widget\" data-widget_type=\"image.default\">\n\t\t\t\t\t\t\t\t\t\t\t\t\t\t\t\t<a href=\"https:\/\/huene.org\/\">\n\t\t\t\t\t\t\t<img fetchpriority=\"high\" decoding=\"async\" width=\"320\" height=\"320\" src=\"https:\/\/www.cardclub.at\/wp-content\/uploads\/2025\/08\/huene-spieltische.webp\" class=\"elementor-animation-grow attachment-large size-large wp-image-138\" alt=\"\" srcset=\"https:\/\/www.cardclub.at\/wp-content\/uploads\/2025\/08\/huene-spieltische.webp 320w, https:\/\/www.cardclub.at\/wp-content\/uploads\/2025\/08\/huene-spieltische-300x300.webp 300w, https:\/\/www.cardclub.at\/wp-content\/uploads\/2025\/08\/huene-spieltische-150x150.webp 150w\" sizes=\"(max-width: 320px) 100vw, 320px\" \/>\t\t\t\t\t\t\t\t<\/a>\n\t\t\t\t\t\t\t\t\t\t\t\t\t\t\t<\/div>\n\t\t\t\t<div class=\"elementor-element elementor-element-c1094a2 elementor-button-success elementor-align-left elementor-mobile-align-center elementor-widget elementor-widget-button\" data-id=\"c1094a2\" data-element_type=\"widget\" data-e-type=\"widget\" data-widget_type=\"button.default\">\n\t\t\t\t\t\t\t\t\t\t<a class=\"elementor-button elementor-button-link elementor-size-sm elementor-animation-grow\" href=\"https:\/\/huene.org\/\">\n\t\t\t\t\t\t<span class=\"elementor-button-content-wrapper\">\n\t\t\t\t\t\t\t\t\t<span class=\"elementor-button-text\">Zur Webseite<\/span>\n\t\t\t\t\t<\/span>\n\t\t\t\t\t<\/a>\n\t\t\t\t\t\t\t\t<\/div>\n\t\t\t\t<\/div>\n\t\t<div class=\"elementor-element elementor-element-5ecaaae e-con-full e-flex e-con e-child\" data-id=\"5ecaaae\" data-element_type=\"container\" data-e-type=\"container\">\n\t\t\t\t<div class=\"elementor-element elementor-element-93fdf49 elementor-widget-divider--view-line elementor-widget elementor-widget-divider\" data-id=\"93fdf49\" data-element_type=\"widget\" data-e-type=\"widget\" data-widget_type=\"divider.default\">\n\t\t\t\t\t\t\t<div class=\"elementor-divider\">\n\t\t\t<span class=\"elementor-divider-separator\">\n\t\t\t\t\t\t<\/span>\n\t\t<\/div>\n\t\t\t\t\t\t<\/div>\n\t\t\t\t<div class=\"elementor-element elementor-element-2733a91 elementor-widget elementor-widget-heading\" data-id=\"2733a91\" data-element_type=\"widget\" data-e-type=\"widget\" data-widget_type=\"heading.default\">\n\t\t\t\t\t<h2 class=\"elementor-heading-title elementor-size-default\">Medien und Veranstaltungspartner<\/h2>\t\t\t\t<\/div>\n\t\t\t\t<div class=\"elementor-element elementor-element-33abf2a elementor-widget elementor-widget-text-editor\" data-id=\"33abf2a\" data-element_type=\"widget\" data-e-type=\"widget\" data-widget_type=\"text-editor.default\">\n\t\t\t\t\t\t\t\t\t<p><span style=\"color: #000000;\">Gerne dienen wir als Experten in den Bereichen Sammelkartenspiele und Brettspiele als Ansprechpartner f\u00fcr Medien und Content Creators. Au\u00dferdem arbeiten wir gerne als Austeller auf diversen Messen im Wiener Gro\u00dfraum mit. Hier eine Podcastfolge von unserem Mitglied vom Spielefest 2025:<\/span><\/p>\t\t\t\t\t\t\t\t<\/div>\n\t\t\t\t<\/div>\n\t\t\t\t<div class=\"elementor-element elementor-element-98f5163 elementor-widget elementor-widget-video\" data-id=\"98f5163\" data-element_type=\"widget\" data-e-type=\"widget\" data-settings=\"{&quot;youtube_url&quot;:&quot;https:\\\/\\\/youtu.be\\\/AX1yr4NlHI0?si=ZdRBngM2OBCJ97r2&quot;,&quot;video_type&quot;:&quot;youtube&quot;,&quot;controls&quot;:&quot;yes&quot;}\" data-widget_type=\"video.default\">\n\t\t\t\t\t\t\t<div class=\"elementor-wrapper elementor-open-inline\">\n\t\t\t<div class=\"elementor-video\"><\/div>\t\t<\/div>\n\t\t\t\t\t\t<\/div>\n\t\t\t\t<\/div>\n\t\t\t\t<div class=\"elementor-element elementor-element-b936256 elementor-widget-divider--view-line elementor-widget elementor-widget-divider\" data-id=\"b936256\" data-element_type=\"widget\" data-e-type=\"widget\" data-widget_type=\"divider.default\">\n\t\t\t\t\t\t\t<div class=\"elementor-divider\">\n\t\t\t<span class=\"elementor-divider-separator\">\n\t\t\t\t\t\t<\/span>\n\t\t<\/div>\n\t\t\t\t\t\t<\/div>\n\t\t\t\t\t<\/div>\n\t\t\t\t<\/div>\n\t\t<div class=\"elementor-element elementor-element-24819a01 e-flex e-con-boxed e-con e-parent\" data-id=\"24819a01\" data-element_type=\"container\" data-e-type=\"container\" data-settings=\"{&quot;background_background&quot;:&quot;classic&quot;}\">\n\t\t\t\t\t<div class=\"e-con-inner\">\n\t\t<div class=\"elementor-element elementor-element-20bfe747 e-con-full e-flex e-con e-child\" data-id=\"20bfe747\" data-element_type=\"container\" data-e-type=\"container\">\n\t\t\t\t<div class=\"elementor-element elementor-element-3744594 elementor-widget elementor-widget-heading\" data-id=\"3744594\" data-element_type=\"widget\" data-e-type=\"widget\" data-widget_type=\"heading.default\">\n\t\t\t\t\t<h1 class=\"elementor-heading-title elementor-size-default\"><br><br><br>Interessiert? <br><br><br><\/h1>\t\t\t\t<\/div>\n\t\t\t\t<\/div>\n\t\t<div class=\"elementor-element elementor-element-180fcbce e-con-full e-flex e-con e-child\" data-id=\"180fcbce\" data-element_type=\"container\" data-e-type=\"container\">\n\t\t<div class=\"elementor-element elementor-element-bd830d1 e-con-full e-flex e-con e-child\" data-id=\"bd830d1\" data-element_type=\"container\" data-e-type=\"container\">\n\t\t\t\t<div class=\"elementor-element elementor-element-7e9cb3d9 elementor-widget elementor-widget-spacer\" data-id=\"7e9cb3d9\" data-element_type=\"widget\" data-e-type=\"widget\" data-widget_type=\"spacer.default\">\n\t\t\t\t\t\t\t<div class=\"elementor-spacer\">\n\t\t\t<div class=\"elementor-spacer-inner\"><\/div>\n\t\t<\/div>\n\t\t\t\t\t\t<\/div>\n\t\t\t\t<\/div>\n\t\t<div class=\"elementor-element elementor-element-e40ca3b e-con-full e-flex e-con e-child\" data-id=\"e40ca3b\" data-element_type=\"container\" data-e-type=\"container\">\n\t\t\t\t<div class=\"elementor-element elementor-element-6254ed31 elementor-button-success elementor-align-left elementor-mobile-align-center elementor-widget elementor-widget-button\" data-id=\"6254ed31\" data-element_type=\"widget\" data-e-type=\"widget\" data-widget_type=\"button.default\">\n\t\t\t\t\t\t\t\t\t\t<a class=\"elementor-button elementor-button-link elementor-size-sm elementor-animation-grow\" href=\"https:\/\/www.cardclub.at\/kontakt\/\">\n\t\t\t\t\t\t<span class=\"elementor-button-content-wrapper\">\n\t\t\t\t\t\t\t\t\t<span class=\"elementor-button-text\">Kontakt<\/span>\n\t\t\t\t\t<\/span>\n\t\t\t\t\t<\/a>\n\t\t\t\t\t\t\t\t<\/div>\n\t\t\t\t<\/div>\n\t\t\t\t<\/div>\n\t\t\t\t\t<\/div>\n\t\t\t\t<\/div>\n\t\t\t\t<\/div>\n\t\t","protected":false},"excerpt":{"rendered":"<p>Unsere Partner Hier findet ihr eine aktuelle \u00dcbersicht \u00fcber unsere derzeitigen Kooperationspartner. Solltet ihr Interesse an einer Zusammenarbeit haben, findet ihr unsere Kontaktdaten hier. Siren Games Siren Games ist ein wiener Fachgesch\u00e4ft das auf TCGs, Pen&amp;Paper, Brettspiele und Tabletop Zubeh\u00f6r spezialisiert ist und seit vielen Jahren als unser verl\u00e4sslicher Shoppartner fungiert. Alle unsere Mitglieder bekommen [&hellip;]<\/p>\n","protected":false},"author":1,"featured_media":0,"parent":0,"menu_order":0,"comment_status":"closed","ping_status":"closed","template":"","meta":{"ocean_post_layout":"full-screen","ocean_both_sidebars_style":"","ocean_both_sidebars_content_width":0,"ocean_both_sidebars_sidebars_width":0,"ocean_sidebar":"","ocean_second_sidebar":"","ocean_disable_margins":"on","ocean_add_body_class":"","ocean_shortcode_before_top_bar":"","ocean_shortcode_after_top_bar":"","ocean_shortcode_before_header":"","ocean_shortcode_after_header":"","ocean_has_shortcode":"","ocean_shortcode_after_title":"","ocean_shortcode_before_footer_widgets":"","ocean_shortcode_after_footer_widgets":"","ocean_shortcode_before_footer_bottom":"","ocean_shortcode_after_footer_bottom":"","ocean_display_top_bar":"default","ocean_display_header":"default","ocean_header_style":"","ocean_center_header_left_menu":"","ocean_custom_header_template":"","ocean_custom_logo":0,"ocean_custom_retina_logo":0,"ocean_custom_logo_max_width":0,"ocean_custom_logo_tablet_max_width":0,"ocean_custom_logo_mobile_max_width":0,"ocean_custom_logo_max_height":0,"ocean_custom_logo_tablet_max_height":0,"ocean_custom_logo_mobile_max_height":0,"ocean_header_custom_menu":"","ocean_menu_typo_font_family":"","ocean_menu_typo_font_subset":"","ocean_menu_typo_font_size":0,"ocean_menu_typo_font_size_tablet":0,"ocean_menu_typo_font_size_mobile":0,"ocean_menu_typo_font_size_unit":"px","ocean_menu_typo_font_weight":"","ocean_menu_typo_font_weight_tablet":"","ocean_menu_typo_font_weight_mobile":"","ocean_menu_typo_transform":"","ocean_menu_typo_transform_tablet":"","ocean_menu_typo_transform_mobile":"","ocean_menu_typo_line_height":0,"ocean_menu_typo_line_height_tablet":0,"ocean_menu_typo_line_height_mobile":0,"ocean_menu_typo_line_height_unit":"","ocean_menu_typo_spacing":0,"ocean_menu_typo_spacing_tablet":0,"ocean_menu_typo_spacing_mobile":0,"ocean_menu_typo_spacing_unit":"","ocean_menu_link_color":"","ocean_menu_link_color_hover":"","ocean_menu_link_color_active":"","ocean_menu_link_background":"","ocean_menu_link_hover_background":"","ocean_menu_link_active_background":"","ocean_menu_social_links_bg":"","ocean_menu_social_hover_links_bg":"","ocean_menu_social_links_color":"","ocean_menu_social_hover_links_color":"","ocean_disable_title":"on","ocean_disable_heading":"default","ocean_post_title":"","ocean_post_subheading":"","ocean_post_title_style":"","ocean_post_title_background_color":"","ocean_post_title_background":0,"ocean_post_title_bg_image_position":"","ocean_post_title_bg_image_attachment":"","ocean_post_title_bg_image_repeat":"","ocean_post_title_bg_image_size":"","ocean_post_title_height":0,"ocean_post_title_bg_overlay":0.5,"ocean_post_title_bg_overlay_color":"","ocean_disable_breadcrumbs":"default","ocean_breadcrumbs_color":"","ocean_breadcrumbs_separator_color":"","ocean_breadcrumbs_links_color":"","ocean_breadcrumbs_links_hover_color":"","ocean_display_footer_widgets":"default","ocean_display_footer_bottom":"default","ocean_custom_footer_template":"","footnotes":""},"class_list":["post-128","page","type-page","status-publish","hentry","entry"],"_links":{"self":[{"href":"https:\/\/www.cardclub.at\/index.php?rest_route=\/wp\/v2\/pages\/128","targetHints":{"allow":["GET"]}}],"collection":[{"href":"https:\/\/www.cardclub.at\/index.php?rest_route=\/wp\/v2\/pages"}],"about":[{"href":"https:\/\/www.cardclub.at\/index.php?rest_route=\/wp\/v2\/types\/page"}],"author":[{"embeddable":true,"href":"https:\/\/www.cardclub.at\/index.php?rest_route=\/wp\/v2\/users\/1"}],"replies":[{"embeddable":true,"href":"https:\/\/www.cardclub.at\/index.php?rest_route=%2Fwp%2Fv2%2Fcomments&post=128"}],"version-history":[{"count":5,"href":"https:\/\/www.cardclub.at\/index.php?rest_route=\/wp\/v2\/pages\/128\/revisions"}],"predecessor-version":[{"id":169,"href":"https:\/\/www.cardclub.at\/index.php?rest_route=\/wp\/v2\/pages\/128\/revisions\/169"}],"wp:attachment":[{"href":"https:\/\/www.cardclub.at\/index.php?rest_route=%2Fwp%2Fv2%2Fmedia&parent=128"}],"curies":[{"name":"wp","href":"https:\/\/api.w.org\/{rel}","templated":true}]}}